{"id":374,"date":"2025-11-19T16:13:16","date_gmt":"2025-11-19T21:13:16","guid":{"rendered":"https:\/\/pdigitalcards.com\/mascotix_id\/?page_id=374"},"modified":"2025-11-27T10:54:28","modified_gmt":"2025-11-27T15:54:28","slug":"politicas-de-privacidad","status":"publish","type":"page","link":"https:\/\/pdigitalcards.com\/mascotix_id\/politicas-de-privacidad\/","title":{"rendered":"Pol\u00edticas de Privacidad"},"content":{"rendered":"<style>.kb-row-layout-id374_3ddafd-17 > .kt-row-column-wrap{align-content:start;}:where(.kb-row-layout-id374_3ddafd-17 > .kt-row-column-wrap) > .wp-block-kadence-column{justify-content:start;}.kb-row-layout-id374_3ddafd-17 > .kt-row-column-wrap{column-gap:var(--global-kb-gap-md, 2rem);row-gap:var(--global-kb-gap-md, 2rem);padding-top:var(--global-kb-spacing-sm, 1.5rem);padding-bottom:var(--global-kb-spacing-4xl, 8rem);grid-template-columns:minmax(0, 1fr);}.kb-row-layout-id374_3ddafd-17 > .kt-row-layout-overlay{opacity:0.30;}.kb-row-layout-id374_3ddafd-17 .kt-row-layout-bottom-sep{height:100px;}.kb-row-layout-id374_3ddafd-17 .kt-row-layout-bottom-sep svg{width:100%;}.kb-row-layout-id374_3ddafd-17 .kt-row-layout-bottom-sep svg{fill:#ffffff!important;}@media all and (max-width: 1024px){.kb-row-layout-id374_3ddafd-17 > .kt-row-column-wrap{grid-template-columns:minmax(0, 1fr);}}@media all and (max-width: 1024px){.kb-row-layout-id374_3ddafd-17 .kt-row-layout-bottom-sep{height:px;}}@media all and (max-width: 1024px){.kb-row-layout-id374_3ddafd-17 .kt-row-layout-bottom-sep svg{width:%;}}@media all and (max-width: 767px){.kb-row-layout-id374_3ddafd-17 > .kt-row-column-wrap{grid-template-columns:minmax(0, 1fr);}.kb-row-layout-id374_3ddafd-17 .kt-row-layout-bottom-sep{height:px;}.kb-row-layout-id374_3ddafd-17 .kt-row-layout-bottom-sep svg{width:%;}}<\/style><div class=\"kb-row-layout-wrap kb-row-layout-id374_3ddafd-17 alignnone has-theme-palette1-background-color kt-row-has-bg wp-block-kadence-rowlayout\"><div class=\"kt-row-layout-bottom-sep kt-row-sep-type-wavesi\"><svg viewBox=\"0 0 1000 100\" preserveAspectRatio=\"none\"><path d=\"M0,40c0,0 120.077,-38.076 250,-38c129.923,0.076 345.105,78 500,78c154.895,0 250,-30 250,-30l0,50l-1000,0l0,-60Z\" \/><path d=\"M0,40c0,0 120.077,-38.076 250,-38c129.923,0.076 345.105,73 500,73c154.895,0 250,-45 250,-45l0,70l-1000,0l0,-60Z\" style=\"opacity: 0.4\" \/><path d=\"M0,40c0,0 120.077,-38.076 250,-38c129.923,0.076 345.105,68 500,68c154.895,0 250,-65 250,-65l0,95l-1000,0l0,-60Z\" style=\"opacity: 0.4\" \/><\/svg><\/div><div class=\"kt-row-column-wrap kt-has-1-columns kt-row-layout-equal kt-tab-layout-inherit kt-mobile-layout-row kt-row-valign-top\">\n<style>.kadence-column374_a88e0d-f2 > .kt-inside-inner-col,.kadence-column374_a88e0d-f2 > .kt-inside-inner-col:before{border-top-left-radius:0px;border-top-right-radius:0px;border-bottom-right-radius:0px;border-bottom-left-radius:0px;}.kadence-column374_a88e0d-f2 > .kt-inside-inner-col{column-gap:var(--global-kb-gap-sm, 1rem);}.kadence-column374_a88e0d-f2 > .kt-inside-inner-col{flex-direction:column;}.kadence-column374_a88e0d-f2 > .kt-inside-inner-col > .aligncenter{width:100%;}.kadence-column374_a88e0d-f2 > .kt-inside-inner-col:before{opacity:0.3;}.kadence-column374_a88e0d-f2{position:relative;}@media all and (max-width: 1024px){.kadence-column374_a88e0d-f2 > .kt-inside-inner-col{flex-direction:column;justify-content:center;}}@media all and (max-width: 767px){.kadence-column374_a88e0d-f2 > .kt-inside-inner-col{flex-direction:column;justify-content:center;}}<\/style>\n<div class=\"wp-block-kadence-column kadence-column374_a88e0d-f2\"><div class=\"kt-inside-inner-col\"><style>.wp-block-kadence-advancedheading.kt-adv-heading374_84a142-4a, .wp-block-kadence-advancedheading.kt-adv-heading374_84a142-4a[data-kb-block=\"kb-adv-heading374_84a142-4a\"]{text-align:center;font-style:normal;}.wp-block-kadence-advancedheading.kt-adv-heading374_84a142-4a mark.kt-highlight, .wp-block-kadence-advancedheading.kt-adv-heading374_84a142-4a[data-kb-block=\"kb-adv-heading374_84a142-4a\"] mark.kt-highlight{font-style:normal;color:#f76a0c;-webkit-box-decoration-break:clone;box-decoration-break:clone;padding-top:0px;padding-right:0px;padding-bottom:0px;padding-left:0px;}<\/style>\n<h1 class=\"kt-adv-heading374_84a142-4a wp-block-kadence-advancedheading has-theme-palette-2-color has-text-color\" data-kb-block=\"kb-adv-heading374_84a142-4a\">Pol\u00edticas de Privacidad &#8211; Mascotix ID<\/h1>\n\n\n\n<p><strong>\u00daltima actualizaci\u00f3n:<\/strong> 2025<\/p>\n\n\n\n<p>En Mascotix ID respetamos su privacidad y protegemos los datos personales que usted comparte con nosotros. <br>Esta Pol\u00edtica explica c\u00f3mo recopilamos, usamos, almacenamos y protegemos su informaci\u00f3n.<\/p>\n\n\n<style>.wp-block-kadence-advancedheading.kt-adv-heading374_6d70bf-59, .wp-block-kadence-advancedheading.kt-adv-heading374_6d70bf-59[data-kb-block=\"kb-adv-heading374_6d70bf-59\"]{font-size:var(--global-kb-font-size-md, 1.25rem);font-style:normal;}.wp-block-kadence-advancedheading.kt-adv-heading374_6d70bf-59 mark.kt-highlight, .wp-block-kadence-advancedheading.kt-adv-heading374_6d70bf-59[data-kb-block=\"kb-adv-heading374_6d70bf-59\"] mark.kt-highlight{font-style:normal;color:#f76a0c;-webkit-box-decoration-break:clone;box-decoration-break:clone;padding-top:0px;padding-right:0px;padding-bottom:0px;padding-left:0px;}<\/style>\n<h2 class=\"kt-adv-heading374_6d70bf-59 wp-block-kadence-advancedheading has-theme-palette-2-color has-text-color\" data-kb-block=\"kb-adv-heading374_6d70bf-59\">1.- Informaci\u00f3n que recopilamos<\/h2>\n\n\n\n<p>Al adquirir Mascotix ID, podemos solicitar:<\/p>\n\n\n\n<ul class=\"wp-block-list\">\n<li>Nombre del due\u00f1o<\/li>\n\n\n\n<li>Correo electr\u00f3nico<\/li>\n\n\n\n<li>Tel\u00e9fono y WhatsApp<\/li>\n\n\n\n<li>Direcci\u00f3n o zona de residencia<\/li>\n\n\n\n<li>Datos de la mascota<br><br>Adem\u00e1s, cuando alguien escanea el dispositivo, podemos recopilar:<\/li>\n\n\n\n<li>Ubicaci\u00f3n aproximada del escaneo (si el tercero la autoriza)<\/li>\n\n\n\n<li>Fecha y hora del escaneo<\/li>\n\n\n\n<li>Direcci\u00f3n IP de quien escanea<\/li>\n<\/ul>\n\n\n<style>.wp-block-kadence-advancedheading.kt-adv-heading374_aabf98-fd, .wp-block-kadence-advancedheading.kt-adv-heading374_aabf98-fd[data-kb-block=\"kb-adv-heading374_aabf98-fd\"]{font-size:var(--global-kb-font-size-md, 1.25rem);font-style:normal;}.wp-block-kadence-advancedheading.kt-adv-heading374_aabf98-fd mark.kt-highlight, .wp-block-kadence-advancedheading.kt-adv-heading374_aabf98-fd[data-kb-block=\"kb-adv-heading374_aabf98-fd\"] mark.kt-highlight{font-style:normal;color:#f76a0c;-webkit-box-decoration-break:clone;box-decoration-break:clone;padding-top:0px;padding-right:0px;padding-bottom:0px;padding-left:0px;}<\/style>\n<h2 class=\"kt-adv-heading374_aabf98-fd wp-block-kadence-advancedheading has-theme-palette-2-color has-text-color\" data-kb-block=\"kb-adv-heading374_aabf98-fd\">2.- Uso de la informaci\u00f3n<\/h2>\n\n\n\n<p>La informaci\u00f3n se utiliza para:<\/p>\n\n\n\n<ul class=\"wp-block-list\">\n<li>Mostrar la ficha de la mascota<\/li>\n\n\n\n<li>Enviar alertas de ubicaci\u00f3n al due\u00f1o<\/li>\n\n\n\n<li>Facilitar la comunicaci\u00f3n entre quien encuentra la mascota y su familia<\/li>\n\n\n\n<li>Brindar soporte y mantener activo el servicio<\/li>\n\n\n\n<li>Mejorar la plataforma Mascotix ID<\/li>\n<\/ul>\n\n\n\n<p>No vendemos ni compartimos su informaci\u00f3n con terceros con fines comerciales.<\/p>\n\n\n<style>.wp-block-kadence-advancedheading.kt-adv-heading374_5477bb-37, .wp-block-kadence-advancedheading.kt-adv-heading374_5477bb-37[data-kb-block=\"kb-adv-heading374_5477bb-37\"]{font-size:var(--global-kb-font-size-md, 1.25rem);font-style:normal;}.wp-block-kadence-advancedheading.kt-adv-heading374_5477bb-37 mark.kt-highlight, .wp-block-kadence-advancedheading.kt-adv-heading374_5477bb-37[data-kb-block=\"kb-adv-heading374_5477bb-37\"] mark.kt-highlight{font-style:normal;color:#f76a0c;-webkit-box-decoration-break:clone;box-decoration-break:clone;padding-top:0px;padding-right:0px;padding-bottom:0px;padding-left:0px;}<\/style>\n<h2 class=\"kt-adv-heading374_5477bb-37 wp-block-kadence-advancedheading has-theme-palette-2-color has-text-color\" data-kb-block=\"kb-adv-heading374_5477bb-37\">3.- Ubicaci\u00f3n de escaneos<\/h2>\n\n\n\n<p>La ubicaci\u00f3n se obtiene solo si el <strong>tercero que escanea<\/strong> acepta compartir su ubicaci\u00f3n.<br>Dicha informaci\u00f3n <strong>solo es enviada al due\u00f1o<\/strong>.<br>Mascotix ID <strong>no notifica<\/strong> al tercero que su ubicaci\u00f3n fue solicitada.<\/p>\n\n\n<style>.wp-block-kadence-advancedheading.kt-adv-heading374_b3f12c-4d, .wp-block-kadence-advancedheading.kt-adv-heading374_b3f12c-4d[data-kb-block=\"kb-adv-heading374_b3f12c-4d\"]{font-size:var(--global-kb-font-size-md, 1.25rem);font-style:normal;}.wp-block-kadence-advancedheading.kt-adv-heading374_b3f12c-4d mark.kt-highlight, .wp-block-kadence-advancedheading.kt-adv-heading374_b3f12c-4d[data-kb-block=\"kb-adv-heading374_b3f12c-4d\"] mark.kt-highlight{font-style:normal;color:#f76a0c;-webkit-box-decoration-break:clone;box-decoration-break:clone;padding-top:0px;padding-right:0px;padding-bottom:0px;padding-left:0px;}<\/style>\n<h2 class=\"kt-adv-heading374_b3f12c-4d wp-block-kadence-advancedheading has-theme-palette-2-color has-text-color\" data-kb-block=\"kb-adv-heading374_b3f12c-4d\">4.- Almacenamiento y seguridad<\/h2>\n\n\n\n<p>Los datos se almacenan en servidores seguros con protocolos de cifrado y medidas de protecci\u00f3n.<br>Sin embargo, ning\u00fan sistema digital es 100% invulnerable, por lo que el usuario reconoce los riesgos inherentes al internet.<\/p>\n\n\n<style>.wp-block-kadence-advancedheading.kt-adv-heading374_77d4c7-ba, .wp-block-kadence-advancedheading.kt-adv-heading374_77d4c7-ba[data-kb-block=\"kb-adv-heading374_77d4c7-ba\"]{font-size:var(--global-kb-font-size-md, 1.25rem);font-style:normal;}.wp-block-kadence-advancedheading.kt-adv-heading374_77d4c7-ba mark.kt-highlight, .wp-block-kadence-advancedheading.kt-adv-heading374_77d4c7-ba[data-kb-block=\"kb-adv-heading374_77d4c7-ba\"] mark.kt-highlight{font-style:normal;color:#f76a0c;-webkit-box-decoration-break:clone;box-decoration-break:clone;padding-top:0px;padding-right:0px;padding-bottom:0px;padding-left:0px;}<\/style>\n<h2 class=\"kt-adv-heading374_77d4c7-ba wp-block-kadence-advancedheading has-theme-palette-2-color has-text-color\" data-kb-block=\"kb-adv-heading374_77d4c7-ba\">5.- Derechos del usuario<\/h2>\n\n\n\n<p>Puede gestionar en cualquier momento:<\/p>\n\n\n\n<ul class=\"wp-block-list\">\n<li>Rectificaci\u00f3n de datos<\/li>\n\n\n\n<li>Eliminaci\u00f3n de informaci\u00f3n<\/li>\n\n\n\n<li>Suspensi\u00f3n de cuenta<\/li>\n\n\n\n<li>Acceso a los datos almacenados<\/li>\n<\/ul>\n\n\n\n<p>Si desea cambiar datos lo autogestiona Ud. mismo en su portal en nuestra plataforma, si desea eliminaci\u00f3n o cancelaci\u00f3n del servicio, cont\u00e1ctenos por correo o WhatsApp.<\/p>\n\n\n<style>.wp-block-kadence-advancedheading.kt-adv-heading374_7c91d4-cb, .wp-block-kadence-advancedheading.kt-adv-heading374_7c91d4-cb[data-kb-block=\"kb-adv-heading374_7c91d4-cb\"]{font-size:var(--global-kb-font-size-md, 1.25rem);font-style:normal;}.wp-block-kadence-advancedheading.kt-adv-heading374_7c91d4-cb mark.kt-highlight, .wp-block-kadence-advancedheading.kt-adv-heading374_7c91d4-cb[data-kb-block=\"kb-adv-heading374_7c91d4-cb\"] mark.kt-highlight{font-style:normal;color:#f76a0c;-webkit-box-decoration-break:clone;box-decoration-break:clone;padding-top:0px;padding-right:0px;padding-bottom:0px;padding-left:0px;}<\/style>\n<h2 class=\"kt-adv-heading374_7c91d4-cb wp-block-kadence-advancedheading has-theme-palette-2-color has-text-color\" data-kb-block=\"kb-adv-heading374_7c91d4-cb\">6.- Retenci\u00f3n de datos<\/h2>\n\n\n\n<p>La informaci\u00f3n se mantendr\u00e1 mientras el servicio est\u00e9 activo.<br>Si el usuario cancela o no renueva, la informaci\u00f3n podr\u00e1 ser eliminada o archivada de forma segura.<\/p>\n\n\n<style>.wp-block-kadence-advancedheading.kt-adv-heading374_d87123-10, .wp-block-kadence-advancedheading.kt-adv-heading374_d87123-10[data-kb-block=\"kb-adv-heading374_d87123-10\"]{font-size:var(--global-kb-font-size-md, 1.25rem);font-style:normal;}.wp-block-kadence-advancedheading.kt-adv-heading374_d87123-10 mark.kt-highlight, .wp-block-kadence-advancedheading.kt-adv-heading374_d87123-10[data-kb-block=\"kb-adv-heading374_d87123-10\"] mark.kt-highlight{font-style:normal;color:#f76a0c;-webkit-box-decoration-break:clone;box-decoration-break:clone;padding-top:0px;padding-right:0px;padding-bottom:0px;padding-left:0px;}<\/style>\n<h2 class=\"kt-adv-heading374_d87123-10 wp-block-kadence-advancedheading has-theme-palette-2-color has-text-color\" data-kb-block=\"kb-adv-heading374_d87123-10\">7.- Uso por parte de terceros<\/h2>\n\n\n\n<p>Mascotix ID no controla:<\/p>\n\n\n\n<p>El entorno donde se produce el escaneo<\/p>\n\n\n\n<p>Las decisiones de quien escanea<\/p>\n\n\n\n<p>Los permisos que el tercero otorgue<\/p>\n\n\n<style>.wp-block-kadence-advancedheading.kt-adv-heading374_fc78a5-5a, .wp-block-kadence-advancedheading.kt-adv-heading374_fc78a5-5a[data-kb-block=\"kb-adv-heading374_fc78a5-5a\"]{font-size:var(--global-kb-font-size-md, 1.25rem);font-style:normal;}.wp-block-kadence-advancedheading.kt-adv-heading374_fc78a5-5a mark.kt-highlight, .wp-block-kadence-advancedheading.kt-adv-heading374_fc78a5-5a[data-kb-block=\"kb-adv-heading374_fc78a5-5a\"] mark.kt-highlight{font-style:normal;color:#f76a0c;-webkit-box-decoration-break:clone;box-decoration-break:clone;padding-top:0px;padding-right:0px;padding-bottom:0px;padding-left:0px;}<\/style>\n<h2 class=\"kt-adv-heading374_fc78a5-5a wp-block-kadence-advancedheading has-theme-palette-2-color has-text-color\" data-kb-block=\"kb-adv-heading374_fc78a5-5a\">8.- Cambios a esta pol\u00edtica<\/h2>\n\n\n\n<p>Podemos actualizar esta Pol\u00edtica en cualquier momento.<br>Las actualizaciones ser\u00e1n publicadas en esta p\u00e1gina.<\/p>\n\n\n<style>.wp-block-kadence-advancedheading.kt-adv-heading374_1d3d03-8d, .wp-block-kadence-advancedheading.kt-adv-heading374_1d3d03-8d[data-kb-block=\"kb-adv-heading374_1d3d03-8d\"]{font-size:var(--global-kb-font-size-md, 1.25rem);font-style:normal;}.wp-block-kadence-advancedheading.kt-adv-heading374_1d3d03-8d mark.kt-highlight, .wp-block-kadence-advancedheading.kt-adv-heading374_1d3d03-8d[data-kb-block=\"kb-adv-heading374_1d3d03-8d\"] mark.kt-highlight{font-style:normal;color:#f76a0c;-webkit-box-decoration-break:clone;box-decoration-break:clone;padding-top:0px;padding-right:0px;padding-bottom:0px;padding-left:0px;}<\/style>\n<h2 class=\"kt-adv-heading374_1d3d03-8d wp-block-kadence-advancedheading has-theme-palette-2-color has-text-color\" data-kb-block=\"kb-adv-heading374_1d3d03-8d\">9.- Contacto<\/h2>\n\n\n\n<p><strong>Correo:<\/strong><a href=\"mailto:mascotix.id@gmail.com\"><mark style=\"background-color:rgba(0, 0, 0, 0)\" class=\"has-inline-color has-theme-palette-9-color\">mascotix.id@gmail.com<\/mark><\/a><br>Web: <a href=\"http:\/\/mascotix-id.com\" target=\"_blank\" rel=\"noreferrer noopener\"><mark style=\"background-color:rgba(0, 0, 0, 0)\" class=\"has-inline-color has-theme-palette-9-color\">mascotix-id.com<\/mark><\/a><br><strong>WhatsApp:<\/strong> +57 305 3319186<\/p>\n<\/div><\/div>\n\n<\/div><\/div>","protected":false},"excerpt":{"rendered":"<p>Pol\u00edticas de Privacidad &#8211; Mascotix ID \u00daltima actualizaci\u00f3n: 2025 En Mascotix ID respetamos su privacidad y protegemos los datos personales que usted comparte con nosotros. Esta Pol\u00edtica explica c\u00f3mo recopilamos, usamos, almacenamos y protegemos su informaci\u00f3n. 1.- Informaci\u00f3n que recopilamos Al adquirir Mascotix ID, podemos solicitar: 2.- Uso de la informaci\u00f3n La informaci\u00f3n se utiliza&#8230;<\/p>\n","protected":false},"author":1,"featured_media":0,"parent":0,"menu_order":0,"comment_status":"closed","ping_status":"closed","template":"","meta":{"_kad_post_transparent":"disable","_kad_post_title":"hide","_kad_post_layout":"fullwidth","_kad_post_sidebar_id":"","_kad_post_content_style":"unboxed","_kad_post_vertical_padding":"hide","_kad_post_feature":"hide","_kad_post_feature_position":"","_kad_post_header":false,"_kad_post_footer":false,"footnotes":""},"class_list":["post-374","page","type-page","status-publish","hentry"],"_links":{"self":[{"href":"https:\/\/pdigitalcards.com\/mascotix_id\/wp-json\/wp\/v2\/pages\/374","targetHints":{"allow":["GET"]}}],"collection":[{"href":"https:\/\/pdigitalcards.com\/mascotix_id\/wp-json\/wp\/v2\/pages"}],"about":[{"href":"https:\/\/pdigitalcards.com\/mascotix_id\/wp-json\/wp\/v2\/types\/page"}],"author":[{"embeddable":true,"href":"https:\/\/pdigitalcards.com\/mascotix_id\/wp-json\/wp\/v2\/users\/1"}],"replies":[{"embeddable":true,"href":"https:\/\/pdigitalcards.com\/mascotix_id\/wp-json\/wp\/v2\/comments?post=374"}],"version-history":[{"count":9,"href":"https:\/\/pdigitalcards.com\/mascotix_id\/wp-json\/wp\/v2\/pages\/374\/revisions"}],"predecessor-version":[{"id":413,"href":"https:\/\/pdigitalcards.com\/mascotix_id\/wp-json\/wp\/v2\/pages\/374\/revisions\/413"}],"wp:attachment":[{"href":"https:\/\/pdigitalcards.com\/mascotix_id\/wp-json\/wp\/v2\/media?parent=374"}],"curies":[{"name":"wp","href":"https:\/\/api.w.org\/{rel}","templated":true}]}}