{"id":3,"date":"2025-10-22T18:53:10","date_gmt":"2025-10-22T23:53:10","guid":{"rendered":"https:\/\/pdigitalcards.com\/mascotix_id\/?page_id=3"},"modified":"2025-11-27T10:55:18","modified_gmt":"2025-11-27T15:55:18","slug":"terminos-y-condiciones","status":"publish","type":"page","link":"https:\/\/pdigitalcards.com\/mascotix_id\/terminos-y-condiciones\/","title":{"rendered":"T\u00e9rminos y Condiciones"},"content":{"rendered":"<style>.kb-row-layout-id3_32ca4e-60 > .kt-row-column-wrap{align-content:start;}:where(.kb-row-layout-id3_32ca4e-60 > .kt-row-column-wrap) > .wp-block-kadence-column{justify-content:start;}.kb-row-layout-id3_32ca4e-60 > .kt-row-column-wrap{column-gap:var(--global-kb-gap-md, 2rem);row-gap:var(--global-kb-gap-md, 2rem);padding-top:var(--global-kb-spacing-sm, 1.5rem);padding-bottom:var(--global-kb-spacing-4xl, 8rem);grid-template-columns:minmax(0, 1fr);}.kb-row-layout-id3_32ca4e-60 > .kt-row-layout-overlay{opacity:0.30;}.kb-row-layout-id3_32ca4e-60 .kt-row-layout-bottom-sep{height:100px;}.kb-row-layout-id3_32ca4e-60 .kt-row-layout-bottom-sep svg{width:100%;}.kb-row-layout-id3_32ca4e-60 .kt-row-layout-bottom-sep svg{fill:#ffffff!important;}@media all and (max-width: 1024px){.kb-row-layout-id3_32ca4e-60 > .kt-row-column-wrap{grid-template-columns:minmax(0, 1fr);}}@media all and (max-width: 1024px){.kb-row-layout-id3_32ca4e-60 .kt-row-layout-bottom-sep{height:px;}}@media all and (max-width: 1024px){.kb-row-layout-id3_32ca4e-60 .kt-row-layout-bottom-sep svg{width:%;}}@media all and (max-width: 767px){.kb-row-layout-id3_32ca4e-60 > .kt-row-column-wrap{grid-template-columns:minmax(0, 1fr);}.kb-row-layout-id3_32ca4e-60 .kt-row-layout-bottom-sep{height:px;}.kb-row-layout-id3_32ca4e-60 .kt-row-layout-bottom-sep svg{width:%;}}<\/style><div class=\"kb-row-layout-wrap kb-row-layout-id3_32ca4e-60 alignnone has-theme-palette1-background-color kt-row-has-bg wp-block-kadence-rowlayout\"><div class=\"kt-row-layout-bottom-sep kt-row-sep-type-waves\"><svg viewBox=\"0 0 1000 100\" preserveAspectRatio=\"none\"><path d=\"M1000,40c0,0 -120.077,-38.076 -250,-38c-129.923,0.076 -345.105,78 -500,78c-154.895,0 -250,-30 -250,-30l0,50l1000,0l0,-60Z\" \/><path d=\"M1000,40c0,0 -120.077,-38.076 -250,-38c-129.923,0.076 -345.105,73 -500,73c-154.895,0 -250,-45 -250,-45l0,70l1000,0l0,-60Z\" style=\"opacity: 0.4\" \/><path d=\"M1000,40c0,0 -120.077,-38.076 -250,-38c-129.923,0.076 -345.105,68 -500,68c-154.895,0 -250,-65 -250,-65l0,95l1000,0l0,-60Z\" style=\"opacity: 0.4\" \/><\/svg><\/div><div class=\"kt-row-column-wrap kt-has-1-columns kt-row-layout-equal kt-tab-layout-inherit kt-mobile-layout-row kt-row-valign-top\">\n<style>.kadence-column3_c20048-df > .kt-inside-inner-col,.kadence-column3_c20048-df > .kt-inside-inner-col:before{border-top-left-radius:0px;border-top-right-radius:0px;border-bottom-right-radius:0px;border-bottom-left-radius:0px;}.kadence-column3_c20048-df > .kt-inside-inner-col{column-gap:var(--global-kb-gap-sm, 1rem);}.kadence-column3_c20048-df > .kt-inside-inner-col{flex-direction:column;}.kadence-column3_c20048-df > .kt-inside-inner-col > .aligncenter{width:100%;}.kadence-column3_c20048-df > .kt-inside-inner-col:before{opacity:0.3;}.kadence-column3_c20048-df{position:relative;}@media all and (max-width: 1024px){.kadence-column3_c20048-df > .kt-inside-inner-col{flex-direction:column;justify-content:center;}}@media all and (max-width: 767px){.kadence-column3_c20048-df > .kt-inside-inner-col{flex-direction:column;justify-content:center;}}<\/style>\n<div class=\"wp-block-kadence-column kadence-column3_c20048-df\"><div class=\"kt-inside-inner-col\"><style>.wp-block-kadence-advancedheading.kt-adv-heading3_6803d3-fb, .wp-block-kadence-advancedheading.kt-adv-heading3_6803d3-fb[data-kb-block=\"kb-adv-heading3_6803d3-fb\"]{text-align:center;font-size:var(--global-kb-font-size-lg, 2rem);font-style:normal;}.wp-block-kadence-advancedheading.kt-adv-heading3_6803d3-fb mark.kt-highlight, .wp-block-kadence-advancedheading.kt-adv-heading3_6803d3-fb[data-kb-block=\"kb-adv-heading3_6803d3-fb\"] mark.kt-highlight{font-style:normal;color:#f76a0c;-webkit-box-decoration-break:clone;box-decoration-break:clone;padding-top:0px;padding-right:0px;padding-bottom:0px;padding-left:0px;}<\/style>\n<h1 class=\"kt-adv-heading3_6803d3-fb wp-block-kadence-advancedheading has-theme-palette-2-color has-text-color\" data-kb-block=\"kb-adv-heading3_6803d3-fb\"><strong>T\u00c9RMINOS Y CONDICIONES \u2013 MASCOTIX ID<\/strong><\/h1>\n\n\n\n<p><br><strong>\u00daltima actualizaci\u00f3n:<\/strong> 2025<\/p>\n\n\n\n<p>Bienvenido a <strong>Mascotix ID<\/strong>. Al adquirir, activar o utilizar cualquier dispositivo Mascotix ID (Flex o Classic), usted acepta los siguientes T\u00e9rminos y Condiciones. Por favor l\u00e9alos cuidadosamente antes de utilizar el servicio.<\/p>\n\n\n<style>.wp-block-kadence-advancedheading.kt-adv-heading3_5906fd-2f, .wp-block-kadence-advancedheading.kt-adv-heading3_5906fd-2f[data-kb-block=\"kb-adv-heading3_5906fd-2f\"]{font-size:var(--global-kb-font-size-md, 1.25rem);font-style:normal;}.wp-block-kadence-advancedheading.kt-adv-heading3_5906fd-2f mark.kt-highlight, .wp-block-kadence-advancedheading.kt-adv-heading3_5906fd-2f[data-kb-block=\"kb-adv-heading3_5906fd-2f\"] mark.kt-highlight{font-style:normal;color:#f76a0c;-webkit-box-decoration-break:clone;box-decoration-break:clone;padding-top:0px;padding-right:0px;padding-bottom:0px;padding-left:0px;}<\/style>\n<h2 class=\"kt-adv-heading3_5906fd-2f wp-block-kadence-advancedheading has-theme-palette-2-color has-text-color\" data-kb-block=\"kb-adv-heading3_5906fd-2f\">1.- Sobre el servicio Mascotix ID<\/h2>\n\n\n\n<p>Mascotix ID es un dispositivo digital con tecnolog\u00edas <strong>NFC y C\u00f3digo QR<\/strong> que permite mostrar los datos de una mascota y su familia, as\u00ed como enviar al due\u00f1o la ubicaci\u00f3n aproximada del lugar donde el dispositivo fue escaneado y viene en dos presentaciones ID Flex y ID Classic<\/p>\n\n\n\n<p>Mascotix ID incluye:<\/p>\n\n\n\n<ul class=\"wp-block-list\">\n<li>Ficha digital de la mascota<\/li>\n\n\n\n<li>Generaci\u00f3n de QR<\/li>\n\n\n\n<li>Programaci\u00f3n NFC<\/li>\n\n\n\n<li>Alojamiento (hosting) anual<\/li>\n\n\n\n<li>Activaci\u00f3n del dispositivo<\/li>\n<\/ul>\n\n\n<style>.wp-block-kadence-advancedheading.kt-adv-heading3_23f87b-3a, .wp-block-kadence-advancedheading.kt-adv-heading3_23f87b-3a[data-kb-block=\"kb-adv-heading3_23f87b-3a\"]{font-size:var(--global-kb-font-size-md, 1.25rem);font-style:normal;}.wp-block-kadence-advancedheading.kt-adv-heading3_23f87b-3a mark.kt-highlight, .wp-block-kadence-advancedheading.kt-adv-heading3_23f87b-3a[data-kb-block=\"kb-adv-heading3_23f87b-3a\"] mark.kt-highlight{font-style:normal;color:#f76a0c;-webkit-box-decoration-break:clone;box-decoration-break:clone;padding-top:0px;padding-right:0px;padding-bottom:0px;padding-left:0px;}<\/style>\n<h2 class=\"kt-adv-heading3_23f87b-3a wp-block-kadence-advancedheading has-theme-palette-2-color has-text-color\" data-kb-block=\"kb-adv-heading3_23f87b-3a\">2.- Funcionamiento del dispositivo<\/h2>\n\n\n\n<p>El usuario reconoce que:<\/p>\n\n\n\n<p>Mascotix ID no garantiza que todas las lecturas generen ubicaci\u00f3n si el tercero rechaza el permiso, no cuenta con internet, o el GPS est\u00e1 desactivado.<\/p>\n\n\n\n<p>La lectura del QR o NFC depende del dispositivo m\u00f3vil del tercero que realiza el escaneo.<\/p>\n\n\n\n<p>La ubicaci\u00f3n enviada al due\u00f1o depende del permiso de geolocalizaci\u00f3n del navegador del tercero.<br><br>Cabe destacar que todas est\u00e1s situaciones ya se escapan de nuestro alcance.<\/p>\n\n\n<style>.wp-block-kadence-advancedheading.kt-adv-heading3_e68caa-05, .wp-block-kadence-advancedheading.kt-adv-heading3_e68caa-05[data-kb-block=\"kb-adv-heading3_e68caa-05\"]{font-size:var(--global-kb-font-size-md, 1.25rem);font-style:normal;}.wp-block-kadence-advancedheading.kt-adv-heading3_e68caa-05 mark.kt-highlight, .wp-block-kadence-advancedheading.kt-adv-heading3_e68caa-05[data-kb-block=\"kb-adv-heading3_e68caa-05\"] mark.kt-highlight{font-style:normal;color:#f76a0c;-webkit-box-decoration-break:clone;box-decoration-break:clone;padding-top:0px;padding-right:0px;padding-bottom:0px;padding-left:0px;}<\/style>\n<h2 class=\"kt-adv-heading3_e68caa-05 wp-block-kadence-advancedheading has-theme-palette-2-color has-text-color\" data-kb-block=\"kb-adv-heading3_e68caa-05\">3.- Informaci\u00f3n proporcionada por el usuario<\/h2>\n\n\n\n<p>El usuario es responsable de:<\/p>\n\n\n\n<ul class=\"wp-block-list\">\n<li>La veracidad y actualizaci\u00f3n de los datos cargados en la ficha digital.<\/li>\n\n\n\n<li>No incluir informaci\u00f3n sensible o confidencial innecesaria.<\/li>\n\n\n\n<li>Mantener actualizada la informaci\u00f3n para garantizar el correcto funcionamiento del servicio.<\/li>\n<\/ul>\n\n\n\n<p>Mascotix ID no se hace responsable por informaci\u00f3n incorrecta, desactualizada o incompleta.<\/p>\n\n\n<style>.wp-block-kadence-advancedheading.kt-adv-heading3_9b1608-81, .wp-block-kadence-advancedheading.kt-adv-heading3_9b1608-81[data-kb-block=\"kb-adv-heading3_9b1608-81\"]{font-size:var(--global-kb-font-size-md, 1.25rem);font-style:normal;}.wp-block-kadence-advancedheading.kt-adv-heading3_9b1608-81 mark.kt-highlight, .wp-block-kadence-advancedheading.kt-adv-heading3_9b1608-81[data-kb-block=\"kb-adv-heading3_9b1608-81\"] mark.kt-highlight{font-style:normal;color:#f76a0c;-webkit-box-decoration-break:clone;box-decoration-break:clone;padding-top:0px;padding-right:0px;padding-bottom:0px;padding-left:0px;}<\/style>\n<h2 class=\"kt-adv-heading3_9b1608-81 wp-block-kadence-advancedheading has-theme-palette-2-color has-text-color\" data-kb-block=\"kb-adv-heading3_9b1608-81\">4.- Actualizaciones de datos<\/h2>\n\n\n\n<p>Los datos ser\u00e1n actualizados por el mismo usuario en su propio portal desde nuestra plataforma 24\/7 los 365 d\u00edas del a\u00f1o.<\/p>\n\n\n<style>.wp-block-kadence-advancedheading.kt-adv-heading3_0ec01c-b6, .wp-block-kadence-advancedheading.kt-adv-heading3_0ec01c-b6[data-kb-block=\"kb-adv-heading3_0ec01c-b6\"]{font-size:var(--global-kb-font-size-md, 1.25rem);font-style:normal;}.wp-block-kadence-advancedheading.kt-adv-heading3_0ec01c-b6 mark.kt-highlight, .wp-block-kadence-advancedheading.kt-adv-heading3_0ec01c-b6[data-kb-block=\"kb-adv-heading3_0ec01c-b6\"] mark.kt-highlight{font-style:normal;color:#f76a0c;-webkit-box-decoration-break:clone;box-decoration-break:clone;padding-top:0px;padding-right:0px;padding-bottom:0px;padding-left:0px;}<\/style>\n<h2 class=\"kt-adv-heading3_0ec01c-b6 wp-block-kadence-advancedheading has-theme-palette-2-color has-text-color\" data-kb-block=\"kb-adv-heading3_0ec01c-b6\">5.- Renovaci\u00f3n del servicio<\/h2>\n\n\n\n<p>La renovaci\u00f3n anual incluye:<\/p>\n\n\n\n<ul class=\"wp-block-list\">\n<li>Hosting del perfil digital<\/li>\n\n\n\n<li>Soporte t\u00e9cnico b\u00e1sico<\/li>\n\n\n\n<li>Mantenimiento del sistema<\/li>\n<\/ul>\n\n\n\n<p>Costo por renovaci\u00f3n anual: <strong>$35.000 COP<\/strong><\/p>\n\n\n\n<p>El per\u00edodo comienza a partir de la fecha de compra del dispositivo.<\/p>\n\n\n\n<p>Si el usuario no renueva el servicio, el perfil puede ser <strong>desactivado<\/strong>, dejando el QR y el NFC sin funcionalidad hasta la regularizaci\u00f3n del pago.<\/p>\n\n\n<style>.wp-block-kadence-advancedheading.kt-adv-heading3_e9df1e-d0, .wp-block-kadence-advancedheading.kt-adv-heading3_e9df1e-d0[data-kb-block=\"kb-adv-heading3_e9df1e-d0\"]{font-size:var(--global-kb-font-size-md, 1.25rem);font-style:normal;}.wp-block-kadence-advancedheading.kt-adv-heading3_e9df1e-d0 mark.kt-highlight, .wp-block-kadence-advancedheading.kt-adv-heading3_e9df1e-d0[data-kb-block=\"kb-adv-heading3_e9df1e-d0\"] mark.kt-highlight{font-style:normal;color:#f76a0c;-webkit-box-decoration-break:clone;box-decoration-break:clone;padding-top:0px;padding-right:0px;padding-bottom:0px;padding-left:0px;}<\/style>\n<h2 class=\"kt-adv-heading3_e9df1e-d0 wp-block-kadence-advancedheading has-theme-palette-2-color has-text-color\" data-kb-block=\"kb-adv-heading3_e9df1e-d0\">6.- Pol\u00edtica de descuentos<\/h2>\n\n\n\n<p>Los descuentos por m\u00faltiples mascotas aplican \u00fanicamente en la compra inicial y no son acumulables con otras promociones, cupones o campa\u00f1as.<\/p>\n\n\n<style>.wp-block-kadence-advancedheading.kt-adv-heading3_c98cf7-ee, .wp-block-kadence-advancedheading.kt-adv-heading3_c98cf7-ee[data-kb-block=\"kb-adv-heading3_c98cf7-ee\"]{font-size:var(--global-kb-font-size-md, 1.25rem);font-style:normal;}.wp-block-kadence-advancedheading.kt-adv-heading3_c98cf7-ee mark.kt-highlight, .wp-block-kadence-advancedheading.kt-adv-heading3_c98cf7-ee[data-kb-block=\"kb-adv-heading3_c98cf7-ee\"] mark.kt-highlight{font-style:normal;color:#f76a0c;-webkit-box-decoration-break:clone;box-decoration-break:clone;padding-top:0px;padding-right:0px;padding-bottom:0px;padding-left:0px;}<\/style>\n<h2 class=\"kt-adv-heading3_c98cf7-ee wp-block-kadence-advancedheading has-theme-palette-2-color has-text-color\" data-kb-block=\"kb-adv-heading3_c98cf7-ee\">7.- Responsabilidad del usuario<\/h2>\n\n\n\n<p>El usuario reconoce que Mascotix ID:<\/p>\n\n\n\n<ul class=\"wp-block-list\">\n<li>No sustituye la placa oficial exigida por normas locales (si aplica).<\/li>\n\n\n\n<li>No garantiza la recuperaci\u00f3n de la mascota.<\/li>\n\n\n\n<li>No controla el uso que haga un tercero que encuentre o escanee el dispositivo.<\/li>\n<\/ul>\n\n\n\n<p>El usuario es el \u00fanico responsable del uso adecuado del dispositivo.<\/p>\n\n\n<style>.wp-block-kadence-advancedheading.kt-adv-heading3_f97c68-21, .wp-block-kadence-advancedheading.kt-adv-heading3_f97c68-21[data-kb-block=\"kb-adv-heading3_f97c68-21\"]{font-size:var(--global-kb-font-size-md, 1.25rem);font-style:normal;}.wp-block-kadence-advancedheading.kt-adv-heading3_f97c68-21 mark.kt-highlight, .wp-block-kadence-advancedheading.kt-adv-heading3_f97c68-21[data-kb-block=\"kb-adv-heading3_f97c68-21\"] mark.kt-highlight{font-style:normal;color:#f76a0c;-webkit-box-decoration-break:clone;box-decoration-break:clone;padding-top:0px;padding-right:0px;padding-bottom:0px;padding-left:0px;}<\/style>\n<h2 class=\"kt-adv-heading3_f97c68-21 wp-block-kadence-advancedheading has-theme-palette-2-color has-text-color\" data-kb-block=\"kb-adv-heading3_f97c68-21\">8.- Limitaci\u00f3n de responsabilidad<\/h2>\n\n\n\n<p>Mascotix ID no ser\u00e1 responsable por:<\/p>\n\n\n\n<p>Consecuencias derivadas de informaci\u00f3n incorrecta proporcionada por el usuario.<\/p>\n\n\n\n<p>Fallas en el dispositivo m\u00f3vil del tercero que escanea.<\/p>\n\n\n\n<p>Problemas de GPS, permisos de ubicaci\u00f3n, internet o bloqueo de navegador.<\/p>\n\n\n\n<p>P\u00e9rdida, da\u00f1o o deterioro del dispositivo por mal uso.<\/p>\n\n\n<style>.wp-block-kadence-advancedheading.kt-adv-heading3_76b786-7a, .wp-block-kadence-advancedheading.kt-adv-heading3_76b786-7a[data-kb-block=\"kb-adv-heading3_76b786-7a\"]{font-size:var(--global-kb-font-size-md, 1.25rem);font-style:normal;}.wp-block-kadence-advancedheading.kt-adv-heading3_76b786-7a mark.kt-highlight, .wp-block-kadence-advancedheading.kt-adv-heading3_76b786-7a[data-kb-block=\"kb-adv-heading3_76b786-7a\"] mark.kt-highlight{font-style:normal;color:#f76a0c;-webkit-box-decoration-break:clone;box-decoration-break:clone;padding-top:0px;padding-right:0px;padding-bottom:0px;padding-left:0px;}<\/style>\n<h2 class=\"kt-adv-heading3_76b786-7a wp-block-kadence-advancedheading has-theme-palette-2-color has-text-color\" data-kb-block=\"kb-adv-heading3_76b786-7a\">9.- Cambios y actualizaciones<\/h2>\n\n\n\n<p>Mascotix ID podr\u00e1 actualizar estos t\u00e9rminos en cualquier momento.<br>Los cambios ser\u00e1n anunciados en esta p\u00e1gina y entrar\u00e1n en vigencia inmediatamente.<\/p>\n\n\n<style>.wp-block-kadence-advancedheading.kt-adv-heading3_d26e40-bf, .wp-block-kadence-advancedheading.kt-adv-heading3_d26e40-bf[data-kb-block=\"kb-adv-heading3_d26e40-bf\"]{font-size:var(--global-kb-font-size-md, 1.25rem);font-style:normal;}.wp-block-kadence-advancedheading.kt-adv-heading3_d26e40-bf mark.kt-highlight, .wp-block-kadence-advancedheading.kt-adv-heading3_d26e40-bf[data-kb-block=\"kb-adv-heading3_d26e40-bf\"] mark.kt-highlight{font-style:normal;color:#f76a0c;-webkit-box-decoration-break:clone;box-decoration-break:clone;padding-top:0px;padding-right:0px;padding-bottom:0px;padding-left:0px;}<\/style>\n<h2 class=\"kt-adv-heading3_d26e40-bf wp-block-kadence-advancedheading has-theme-palette-2-color has-text-color\" data-kb-block=\"kb-adv-heading3_d26e40-bf\">10.- Contacto<\/h2>\n\n\n\n<p>Si tiene dudas o solicitudes:<br><strong>Correo:<\/strong> <a href=\"mailto:mascotix.id@gmail.com\" target=\"_blank\" rel=\"noreferrer noopener\"><mark style=\"background-color:rgba(0, 0, 0, 0)\" class=\"has-inline-color has-theme-palette-9-color\">mascotix.id@gmail.com<\/mark><\/a><br><strong>WhatsApp:<\/strong> +57 305 3319186<br>Web: <a href=\"http:\/\/mascotix-id.com\" target=\"_blank\" rel=\"noreferrer noopener\"><mark style=\"background-color:rgba(0, 0, 0, 0)\" class=\"has-inline-color has-theme-palette-9-color\">mascotix-id.com<\/mark><\/a><\/p>\n<\/div><\/div>\n\n<\/div><\/div>","protected":false},"excerpt":{"rendered":"<p>T\u00c9RMINOS Y CONDICIONES \u2013 MASCOTIX ID \u00daltima actualizaci\u00f3n: 2025 Bienvenido a Mascotix ID. Al adquirir, activar o utilizar cualquier dispositivo Mascotix ID (Flex o Classic), usted acepta los siguientes T\u00e9rminos y Condiciones. Por favor l\u00e9alos cuidadosamente antes de utilizar el servicio. 1.- Sobre el servicio Mascotix ID Mascotix ID es un dispositivo digital con tecnolog\u00edas&#8230;<\/p>\n","protected":false},"author":1,"featured_media":0,"parent":0,"menu_order":0,"comment_status":"closed","ping_status":"closed","template":"","meta":{"_kad_post_transparent":"disable","_kad_post_title":"hide","_kad_post_layout":"fullwidth","_kad_post_sidebar_id":"","_kad_post_content_style":"unboxed","_kad_post_vertical_padding":"hide","_kad_post_feature":"hide","_kad_post_feature_position":"","_kad_post_header":false,"_kad_post_footer":false,"footnotes":""},"class_list":["post-3","page","type-page","status-publish","hentry"],"_links":{"self":[{"href":"https:\/\/pdigitalcards.com\/mascotix_id\/wp-json\/wp\/v2\/pages\/3","targetHints":{"allow":["GET"]}}],"collection":[{"href":"https:\/\/pdigitalcards.com\/mascotix_id\/wp-json\/wp\/v2\/pages"}],"about":[{"href":"https:\/\/pdigitalcards.com\/mascotix_id\/wp-json\/wp\/v2\/types\/page"}],"author":[{"embeddable":true,"href":"https:\/\/pdigitalcards.com\/mascotix_id\/wp-json\/wp\/v2\/users\/1"}],"replies":[{"embeddable":true,"href":"https:\/\/pdigitalcards.com\/mascotix_id\/wp-json\/wp\/v2\/comments?post=3"}],"version-history":[{"count":11,"href":"https:\/\/pdigitalcards.com\/mascotix_id\/wp-json\/wp\/v2\/pages\/3\/revisions"}],"predecessor-version":[{"id":414,"href":"https:\/\/pdigitalcards.com\/mascotix_id\/wp-json\/wp\/v2\/pages\/3\/revisions\/414"}],"wp:attachment":[{"href":"https:\/\/pdigitalcards.com\/mascotix_id\/wp-json\/wp\/v2\/media?parent=3"}],"curies":[{"name":"wp","href":"https:\/\/api.w.org\/{rel}","templated":true}]}}